{"id":54,"date":"2020-12-22T08:34:36","date_gmt":"2020-12-22T08:34:36","guid":{"rendered":"http:\/\/ipactor.rocks\/?page_id=54"},"modified":"2024-06-05T06:15:53","modified_gmt":"2024-06-05T06:15:53","slug":"lebenslauf","status":"publish","type":"page","link":"http:\/\/ipactor.rocks\/?page_id=54","title":{"rendered":"Realisierte Projekte"},"content":{"rendered":"\t\t<div data-elementor-type=\"wp-page\" data-elementor-id=\"54\" class=\"elementor elementor-54\">\n\t\t\t\t\t\t\t\t\t<section class=\"elementor-section elementor-top-section elementor-element elementor-element-7eee5fb elementor-section-boxed elementor-section-height-default elementor-section-height-default\" data-id=\"7eee5fb\" data-element_type=\"section\">\n\t\t\t\t\t\t<div class=\"elementor-container elementor-column-gap-default\">\n\t\t\t\t\t<div class=\"elementor-column elementor-col-100 elementor-top-column elementor-element elementor-element-3e0ea34\" data-id=\"3e0ea34\" data-element_type=\"column\">\n\t\t\t<div class=\"elementor-widget-wrap elementor-element-populated\">\n\t\t\t\t\t\t\t\t\t<\/div>\n\t\t<\/div>\n\t\t\t\t\t\t\t<\/div>\n\t\t<\/section>\n\t\t\t\t<section class=\"elementor-section elementor-top-section elementor-element elementor-element-530878f elementor-section-boxed elementor-section-height-default elementor-section-height-default\" data-id=\"530878f\" data-element_type=\"section\">\n\t\t\t\t\t\t<div class=\"elementor-container elementor-column-gap-default\">\n\t\t\t\t\t<div class=\"elementor-column elementor-col-100 elementor-top-column elementor-element elementor-element-5f4edd2\" data-id=\"5f4edd2\" data-element_type=\"column\">\n\t\t\t<div class=\"elementor-widget-wrap elementor-element-populated\">\n\t\t\t\t\t\t\t\t<div class=\"elementor-element elementor-element-c363839 elementor-widget elementor-widget-text-editor\" data-id=\"c363839\" data-element_type=\"widget\" data-widget_type=\"text-editor.default\">\n\t\t\t\t<div class=\"elementor-widget-container\">\n\t\t\t\t\t\t\t<ul>\n<li>Webbasiertes Vertriebstool (2002) \/\/ Datenbasis DB2; Umsetzungssprache PHP<\/li>\n<li>Marketingtool f\u00fcr eine Kommune zum Verschicken von Merchandising-Produkten (2005) \/\/ Datenbasis MySQL ; Umsetzungssprache PHP<\/li>\n<li>Beginn Programmierung &#8222;Druckplan&#8220; (2006) \/\/ Aufbau einer Planungsplattform f\u00fcr die Druck und Medienindustrie<\/li>\n<li>Gr\u00fcndung iPactor GmbH (2008) \/\/ Aufbau eines Netzwerk und Systembetreuungsteams mit deutschlandweiten Kunden-Projekten<\/li>\n<li>Weiterentwicklung &#8222;Druckplan&#8220; f\u00fcr die Drupa 2012. Vorstellung einer All-in-One webbasierten Software f\u00fcr die Druckindustrie (2011-2013) \/\/ Datenbasis MySQL, Umsetzungssprache(n) PHP, JavaScript, AJAX, Perl, HTML<\/li>\n<li>Etablierung &#8222;Druckplan&#8220; auf dem deutschen Markt (2012-2016) \/\/ Vertrieb und Projektleitung<\/li>\n<li>Verkauf Quellcode an ein Druck und Medienhaus \/\/ Akquise, Abwicklung, weitere Betreuung Bestandskunden und neuer Kunden<\/li>\n<li>Plattformwechsel zu SAP (2018 &#8211; 2021) \/\/ Berater, Projekt und Teilprojektleiter im Modul PP bei S\/4 HANA Einf\u00fchrungsprojekten<\/li>\n<li>Umstrukturierung SharePoint 365 (2020-2021) \/\/ Aufbau neuer SiteCollections unter Ber\u00fccksichtigung aller Abteilungen, autom. Ordneranlage durch Eigenentwicklung, Konsolidierung bestehender Kundenablagen zu einer Dokumentenablage.<\/li>\n<li>Realisierung SAP ATP-Pr\u00fcfung Werks\u00fcbergreifend (St\u00fccklistenaufl\u00f6sungsstufe 9) mit eigenem Add-On im Modul SD (2021-2022)<\/li>\n<li>Projektleitung nationale Cloud Big Data Projekte (2022)<\/li>\n<li>L\u00f6sungskonzeptionierung f\u00fcr eine Produktionsanwendung (SAP) im Automotivebereich (2023 &#8211; heute)<\/li>\n<li>Projektleitung f\u00fcr diverse SAP Projekte im Bereich Diskrete Fertigung (2023 &#8211; heute)<\/li>\n<li>Anwendungstraining f\u00fcr End-User Pharma (Prozessfertigung) (2023)<\/li><li>Projektleitung SAP ECC Projekte f\u00fcr Diskrete Fertigung und Papierindustrie (2024)<\/li><li>Solution Architect SAP ECC Projekte f\u00fcr Diskrete Fertigung (2024)<\/li>\n<\/ul>\t\t\t\t\t\t<\/div>\n\t\t\t\t<\/div>\n\t\t\t\t<div class=\"elementor-element elementor-element-980c111 elementor-button-danger elementor-align-right elementor-widget elementor-widget-button\" data-id=\"980c111\" data-element_type=\"widget\" data-widget_type=\"button.default\">\n\t\t\t\t<div class=\"elementor-widget-container\">\n\t\t\t\t\t<div class=\"elementor-button-wrapper\">\n\t\t\t<a class=\"elementor-button elementor-button-link elementor-size-sm\" href=\"http:\/\/ipactor.rocks\/\">\n\t\t\t\t\t\t<span class=\"elementor-button-content-wrapper\">\n\t\t\t\t\t\t<span class=\"elementor-button-text\">Zur\u00fcck<\/span>\n\t\t<\/span>\n\t\t\t\t\t<\/a>\n\t\t<\/div>\n\t\t\t\t<\/div>\n\t\t\t\t<\/div>\n\t\t\t\t\t<\/div>\n\t\t<\/div>\n\t\t\t\t\t\t\t<\/div>\n\t\t<\/section>\n\t\t\t\t\t\t\t<\/div>\n\t\t","protected":false},"excerpt":{"rendered":"<p>Webbasiertes Vertriebstool (2002) \/\/ Datenbasis DB2; Umsetzungssprache PHP Marketingtool f\u00fcr eine Kommune zum Verschicken von Merchandising-Produkten (2005) \/\/ Datenbasis MySQL ; Umsetzungssprache [&hellip;]<\/p>\n","protected":false},"author":1,"featured_media":0,"parent":0,"menu_order":0,"comment_status":"closed","ping_status":"closed","template":"","meta":{"footnotes":""},"class_list":["post-54","page","type-page","status-publish","hentry"],"_links":{"self":[{"href":"http:\/\/ipactor.rocks\/index.php?rest_route=\/wp\/v2\/pages\/54","targetHints":{"allow":["GET"]}}],"collection":[{"href":"http:\/\/ipactor.rocks\/index.php?rest_route=\/wp\/v2\/pages"}],"about":[{"href":"http:\/\/ipactor.rocks\/index.php?rest_route=\/wp\/v2\/types\/page"}],"author":[{"embeddable":true,"href":"http:\/\/ipactor.rocks\/index.php?rest_route=\/wp\/v2\/users\/1"}],"replies":[{"embeddable":true,"href":"http:\/\/ipactor.rocks\/index.php?rest_route=%2Fwp%2Fv2%2Fcomments&post=54"}],"version-history":[{"count":27,"href":"http:\/\/ipactor.rocks\/index.php?rest_route=\/wp\/v2\/pages\/54\/revisions"}],"predecessor-version":[{"id":109,"href":"http:\/\/ipactor.rocks\/index.php?rest_route=\/wp\/v2\/pages\/54\/revisions\/109"}],"wp:attachment":[{"href":"http:\/\/ipactor.rocks\/index.php?rest_route=%2Fwp%2Fv2%2Fmedia&parent=54"}],"curies":[{"name":"wp","href":"https:\/\/api.w.org\/{rel}","templated":true}]}}