{"id":14,"date":"2020-05-03T15:24:18","date_gmt":"2020-05-03T15:24:18","guid":{"rendered":"http:\/\/ipactor.rocks\/?page_id=14"},"modified":"2024-06-05T06:18:21","modified_gmt":"2024-06-05T06:18:21","slug":"startseite-mw1","status":"publish","type":"page","link":"https:\/\/ipactor.rocks\/","title":{"rendered":"&#8222;Glaub keinem, der Dir sagt, dass Du nichts ver\u00e4ndern kannst. Die, die das behaupten, haben nur vor der Ver\u00e4nderung Angst. Es sind dieselben, die erkl\u00e4ren, es sei gut so, wie es ist&#8230;&#8220;"},"content":{"rendered":"\t\t<div data-elementor-type=\"wp-page\" data-elementor-id=\"14\" class=\"elementor elementor-14\">\n\t\t\t\t\t\t\t\t\t<section class=\"elementor-section elementor-top-section elementor-element elementor-element-269a0cd4 elementor-section-boxed elementor-section-height-default elementor-section-height-default\" data-id=\"269a0cd4\" data-element_type=\"section\">\n\t\t\t\t\t\t<div class=\"elementor-container elementor-column-gap-default\">\n\t\t\t\t\t<div class=\"elementor-column elementor-col-100 elementor-top-column elementor-element elementor-element-41081218\" data-id=\"41081218\" data-element_type=\"column\">\n\t\t\t<div class=\"elementor-widget-wrap elementor-element-populated\">\n\t\t\t\t\t\t\t\t<div class=\"elementor-element elementor-element-5ca332df elementor-widget elementor-widget-text-editor\" data-id=\"5ca332df\" data-element_type=\"widget\" data-widget_type=\"text-editor.default\">\n\t\t\t\t<div class=\"elementor-widget-container\">\n\t\t\t\t\t\t\t<p><!-- wp:paragraph {\"align\":\"right\"} --><\/p>\n<p style=\"text-align: right;\">die \u00c4rzte<\/p>\n<p>Lieber Besucher, dieses Zitat &#8222;der besten Band der Welt&#8220; steht seit Anfang unserer Reise im Jahr 2008 auf unserer Webseite und wird auch immer so bleiben. Es ist unser Antrieb und unsere \u00dcberzeugung.<\/p>\n<p>Sie sehen hier keine gekauften Hochglanzbilder, Anzahl &#8222;zufriedener Kunden&#8220; oder Mitarbeiter und leider auch kein Bild von unserem Firmenhund.<\/p>\n<p>Wir listen Ihnen viel lieber unser Portfolio auf:<\/p>\n<ul>\n<li>Individuelle Software Beratung, Betreuung &amp; Entwicklung<\/li>\n<li>SAP ECC &amp; S\/4 HANA Beratung, Betreuung &amp; Entwicklung (Diskrete Fertigung und Prozess Fertigung)<\/li>\n<li>SAP Projektleitung und SAP Solution Architect<\/li>\n<li>IT Administration Hardware (Client &amp; Server) mit den Betriebssystemen Linux, Mac OS, Windows<\/li>\n<li>IT Administration Software (Client &amp; Server)<\/li>\n<\/ul>\n<p>Wenn Sie die Ver\u00e4nderung in ihrer IT-Unternehmensumgebung w\u00fcnschen, nehmen Sie mit mir direkt Kontakt auf. Dann schauen wir mal, was wir zusammen ver\u00e4ndern k\u00f6nnen.<\/p>\n<p>Sonnige Gr\u00fc\u00dfe<\/p>\n<p><img loading=\"lazy\" decoding=\"async\" class=\"alignnone size-full wp-image-20\" src=\"http:\/\/ipactor.rocks\/wp-content\/uploads\/2020\/07\/Unterschrift-MW.png\" alt=\"\" width=\"210\" height=\"99\"><\/p>\n<p><!-- \/wp:paragraph --><\/p>\n<p><!-- wp:image {\"id\":20} --><\/p>\n<figure class=\"wp-block-image\"><\/figure>\n<p><!-- \/wp:image --><\/p>\n<p><!-- wp:heading {\"level\":4} --><\/p>\n<h4>&nbsp;<\/h4>\n<p><!-- \/wp:heading --><\/p>\t\t\t\t\t\t<\/div>\n\t\t\t\t<\/div>\n\t\t\t\t\t<\/div>\n\t\t<\/div>\n\t\t\t\t\t\t\t<\/div>\n\t\t<\/section>\n\t\t\t\t<section class=\"elementor-section elementor-top-section elementor-element elementor-element-58a3824 elementor-section-boxed elementor-section-height-default elementor-section-height-default\" data-id=\"58a3824\" data-element_type=\"section\">\n\t\t\t\t\t\t<div class=\"elementor-container elementor-column-gap-default\">\n\t\t\t\t\t<div class=\"elementor-column elementor-col-100 elementor-top-column elementor-element elementor-element-8826b0e\" data-id=\"8826b0e\" data-element_type=\"column\">\n\t\t\t<div class=\"elementor-widget-wrap elementor-element-populated\">\n\t\t\t\t\t\t\t\t<div class=\"elementor-element elementor-element-165db8d elementor-button-success elementor-align-right elementor-widget elementor-widget-button\" data-id=\"165db8d\" data-element_type=\"widget\" data-widget_type=\"button.default\">\n\t\t\t\t<div class=\"elementor-widget-container\">\n\t\t\t\t\t<div class=\"elementor-button-wrapper\">\n\t\t\t<a class=\"elementor-button elementor-button-link elementor-size-md\" href=\"http:\/\/ipactor.rocks\/?page_id=54\">\n\t\t\t\t\t\t<span class=\"elementor-button-content-wrapper\">\n\t\t\t\t\t\t<span class=\"elementor-button-icon elementor-align-icon-left\">\n\t\t\t\t<i aria-hidden=\"true\" class=\"fas fa-project-diagram\"><\/i>\t\t\t<\/span>\n\t\t\t\t\t\t<span class=\"elementor-button-text\">  Realisierte Projekte<\/span>\n\t\t<\/span>\n\t\t\t\t\t<\/a>\n\t\t<\/div>\n\t\t\t\t<\/div>\n\t\t\t\t<\/div>\n\t\t\t\t<div class=\"elementor-element elementor-element-3c15bdd elementor-align-right elementor-button-info elementor-widget elementor-widget-button\" data-id=\"3c15bdd\" data-element_type=\"widget\" data-widget_type=\"button.default\">\n\t\t\t\t<div class=\"elementor-widget-container\">\n\t\t\t\t\t<div class=\"elementor-button-wrapper\">\n\t\t\t<a class=\"elementor-button elementor-button-link elementor-size-sm\" href=\"http:\/\/ipactor.rocks\/?page_id=2\">\n\t\t\t\t\t\t<span class=\"elementor-button-content-wrapper\">\n\t\t\t\t\t\t<span class=\"elementor-button-icon elementor-align-icon-left\">\n\t\t\t\t<i aria-hidden=\"true\" class=\"far fa-id-card\"><\/i>\t\t\t<\/span>\n\t\t\t\t\t\t<span class=\"elementor-button-text\">Datenschutz & Impressum<\/span>\n\t\t<\/span>\n\t\t\t\t\t<\/a>\n\t\t<\/div>\n\t\t\t\t<\/div>\n\t\t\t\t<\/div>\n\t\t\t\t\t<\/div>\n\t\t<\/div>\n\t\t\t\t\t\t\t<\/div>\n\t\t<\/section>\n\t\t\t\t\t\t\t<\/div>\n\t\t","protected":false},"excerpt":{"rendered":"<p>die \u00c4rzte Lieber Besucher, dieses Zitat &#8222;der besten Band der Welt&#8220; steht seit Anfang unserer Reise im Jahr 2008 auf unserer Webseite [&hellip;]<\/p>\n","protected":false},"author":1,"featured_media":0,"parent":0,"menu_order":0,"comment_status":"closed","ping_status":"closed","template":"","meta":{"footnotes":""},"class_list":["post-14","page","type-page","status-publish","hentry"],"_links":{"self":[{"href":"https:\/\/ipactor.rocks\/index.php?rest_route=\/wp\/v2\/pages\/14","targetHints":{"allow":["GET"]}}],"collection":[{"href":"https:\/\/ipactor.rocks\/index.php?rest_route=\/wp\/v2\/pages"}],"about":[{"href":"https:\/\/ipactor.rocks\/index.php?rest_route=\/wp\/v2\/types\/page"}],"author":[{"embeddable":true,"href":"https:\/\/ipactor.rocks\/index.php?rest_route=\/wp\/v2\/users\/1"}],"replies":[{"embeddable":true,"href":"https:\/\/ipactor.rocks\/index.php?rest_route=%2Fwp%2Fv2%2Fcomments&post=14"}],"version-history":[{"count":39,"href":"https:\/\/ipactor.rocks\/index.php?rest_route=\/wp\/v2\/pages\/14\/revisions"}],"predecessor-version":[{"id":112,"href":"https:\/\/ipactor.rocks\/index.php?rest_route=\/wp\/v2\/pages\/14\/revisions\/112"}],"wp:attachment":[{"href":"https:\/\/ipactor.rocks\/index.php?rest_route=%2Fwp%2Fv2%2Fmedia&parent=14"}],"curies":[{"name":"wp","href":"https:\/\/api.w.org\/{rel}","templated":true}]}}